{"id":127,"date":"2025-07-26T09:09:22","date_gmt":"2025-07-26T09:09:22","guid":{"rendered":"https:\/\/ksarmap.cluster100.hosting.ovh.net\/index.php\/evenements-prives-entreprise-2\/"},"modified":"2025-08-01T08:19:44","modified_gmt":"2025-08-01T08:19:44","slug":"evenements-prives-mice","status":"publish","type":"page","link":"https:\/\/ksarmassa.com\/index.php\/evenements-prives-mice\/","title":{"rendered":"\u00c9v\u00e9nements priv\u00e9s &amp; entreprise"},"content":{"rendered":"\t\t<div data-elementor-type=\"wp-page\" data-elementor-id=\"127\" class=\"elementor elementor-127\" data-elementor-post-type=\"page\">\n\t\t\t\t<div class=\"elementor-element elementor-element-78ac2375 e-flex e-con-boxed e-con e-parent\" data-id=\"78ac2375\" data-element_type=\"container\" data-settings=\"{&quot;background_background&quot;:&quot;classic&quot;}\">\n\t\t\t\t\t<div class=\"e-con-inner\">\n\t\t<div class=\"elementor-element elementor-element-5fd7c3ee e-con-full e-flex e-con e-child\" data-id=\"5fd7c3ee\" data-element_type=\"container\">\n\t\t\t\t<div class=\"elementor-element elementor-element-103326fe elementor-headline--style-faire pivoter elementor-widget elementor-widget-animated-headline\" data-id=\"103326fe\" data-element_type=\"widget\" data-settings=\"{&quot;headline_style&quot;:&quot;faire pivoter&quot;,&quot;loop&quot;:&quot;yes&quot;}\" data-widget_type=\"animated-headline.default\">\n\t\t\t\t\t\t\t<h1 class=\"elementor-headline\">\n\t\t\t\t\t<span class=\"elementor-headline-plain-text elementor-headline-text-wrapper\">\u00c9v\u00e9nements priv\u00e9s &amp; MICE<\/span>\n\t\t\t\t<span class=\"elementor-headline-dynamic-wrapper elementor-headline-text-wrapper\">\n\t\t\t\t<\/span>\n\t\t\t\t<\/h1>\n\t\t\t\t\t\t<\/div>\n\t\t\t\t<div class=\"elementor-element elementor-element-462a391c elementor-widget elementor-widget-text-editor\" data-id=\"462a391c\" data-element_type=\"widget\" data-widget_type=\"text-editor.default\">\n\t\t\t\t\t\t\t\t\t<p data-start=\"100\" data-end=\"473\">Ksar Massa offre un cadre unique, entre dunes sauvages et oc\u00e9an, pour <strong>organiser vos \u00e9v\u00e9nements priv\u00e9s et professionnels.<\/strong> Que ce soit pour un mariage intime, une r\u00e9ception ou un s\u00e9minaire professionnel, notre h\u00f4tel met \u00e0 votre disposition des <strong>espaces modulables<\/strong> et des <strong>services sur mesure,<\/strong> adapt\u00e9s \u00e0 vos besoins, pour garantir le succ\u00e8s de votre projet dans un environnement exceptionnel.<\/p>\t\t\t\t\t\t\t\t<\/div>\n\t\t\t\t<\/div>\n\t\t\t\t\t<\/div>\n\t\t\t\t<\/div>\n\t\t<div class=\"elementor-element elementor-element-c765f92 e-flex e-con-boxed e-con e-parent\" data-id=\"c765f92\" data-element_type=\"container\">\n\t\t\t\t\t<div class=\"e-con-inner\">\n\t\t\t\t<div class=\"elementor-element elementor-element-4c0c7dd elementor-widget elementor-widget-heading\" data-id=\"4c0c7dd\" data-element_type=\"widget\" data-widget_type=\"heading.default\">\n\t\t\t\t\t<h2 class=\"elementor-heading-title elementor-size-default\">Indiquez-nous votre projet<\/h2>\t\t\t\t<\/div>\n\t\t\t\t<div class=\"elementor-element elementor-element-beddfd5 elementor-button-align-stretch elementor-widget elementor-widget-form\" data-id=\"beddfd5\" data-element_type=\"widget\" data-settings=\"{&quot;step_next_label&quot;:&quot;Suivant&quot;,&quot;step_previous_label&quot;:&quot;Pr\\u00e9c\\u00e9dent&quot;,&quot;button_width&quot;:&quot;100&quot;,&quot;step_type&quot;:&quot;number_text&quot;,&quot;step_icon_shape&quot;:&quot;circle&quot;}\" data-widget_type=\"form.default\">\n\t\t\t\t\t\t\t<form class=\"elementor-form\" method=\"post\" name=\"Formulaire Ev\u00e9nements Priv\u00e9s &amp; Mice\" aria-label=\"Formulaire Ev\u00e9nements Priv\u00e9s &amp; Mice\">\n\t\t\t<input type=\"hidden\" name=\"post_id\" value=\"127\"\/>\n\t\t\t<input type=\"hidden\" name=\"form_id\" value=\"beddfd5\"\/>\n\t\t\t<input type=\"hidden\" name=\"referer_title\" value=\"\u00c9v\u00e9nements priv\u00e9s &amp; entreprise\" \/>\n\n\t\t\t\t\t\t\t<input type=\"hidden\" name=\"queried_id\" value=\"127\"\/>\n\t\t\t\n\t\t\t<div class=\"elementor-form-fields-wrapper elementor-labels-above\">\n\t\t\t\t\t\t\t\t<div class=\"elementor-field-type-text elementor-field-group elementor-column elementor-field-group-name elementor-col-100 elementor-field-required\">\n\t\t\t\t\t\t\t\t\t\t\t\t<label for=\"form-field-name\" class=\"elementor-field-label\">\n\t\t\t\t\t\t\t\tNom\t\t\t\t\t\t\t<\/label>\n\t\t\t\t\t\t\t\t\t\t\t\t\t\t<input size=\"1\" type=\"text\" name=\"form_fields[name]\" id=\"form-field-name\" class=\"elementor-field elementor-size-sm  elementor-field-textual\" placeholder=\"Veuillez renseigner votre nom\" required=\"required\">\n\t\t\t\t\t\t\t\t\t\t\t<\/div>\n\t\t\t\t\t\t\t\t<div class=\"elementor-field-type-email elementor-field-group elementor-column elementor-field-group-email elementor-col-100 elementor-field-required\">\n\t\t\t\t\t\t\t\t\t\t\t\t<label for=\"form-field-email\" class=\"elementor-field-label\">\n\t\t\t\t\t\t\t\tE-mail\t\t\t\t\t\t\t<\/label>\n\t\t\t\t\t\t\t\t\t\t\t\t\t\t<input size=\"1\" type=\"email\" name=\"form_fields[email]\" id=\"form-field-email\" class=\"elementor-field elementor-size-sm  elementor-field-textual\" placeholder=\"Veuillez renseigner votre adresse e-mail\" required=\"required\">\n\t\t\t\t\t\t\t\t\t\t\t<\/div>\n\t\t\t\t\t\t\t\t<div class=\"elementor-field-type-tel elementor-field-group elementor-column elementor-field-group-field_1d6fc9d elementor-col-100\">\n\t\t\t\t\t\t\t\t\t\t\t\t<label for=\"form-field-field_1d6fc9d\" class=\"elementor-field-label\">\n\t\t\t\t\t\t\t\tT\u00e9l\u00e9phone\t\t\t\t\t\t\t<\/label>\n\t\t\t\t\t\t\t\t<input size=\"1\" type=\"tel\" name=\"form_fields[field_1d6fc9d]\" id=\"form-field-field_1d6fc9d\" class=\"elementor-field elementor-size-sm  elementor-field-textual\" placeholder=\"Veuillez renseigner votre num\u00e9ro de t\u00e9l\u00e9phone\" pattern=\"[0-9()#&amp;+*-=.]+\" title=\"Seuls les caract\u00e8res de num\u00e9ros de t\u00e9l\u00e9phone (#, -, *, etc.) sont accept\u00e9s.\">\n\n\t\t\t\t\t\t<\/div>\n\t\t\t\t\t\t\t\t<div class=\"elementor-field-type-textarea elementor-field-group elementor-column elementor-field-group-message elementor-col-100 elementor-field-required\">\n\t\t\t\t\t\t\t\t\t\t\t\t<label for=\"form-field-message\" class=\"elementor-field-label\">\n\t\t\t\t\t\t\t\tMessage\t\t\t\t\t\t\t<\/label>\n\t\t\t\t\t\t<textarea class=\"elementor-field-textual elementor-field  elementor-size-sm\" name=\"form_fields[message]\" id=\"form-field-message\" rows=\"4\" placeholder=\"Merci de bien vouloir pr\u00e9ciser le type d\u2019\u00e9v\u00e9nement que vous souhaitez organiser, vos attentes sp\u00e9cifiques, ainsi que le nombre approximatif d\u2019invit\u00e9s. N\u2019h\u00e9sitez pas \u00e0 ajouter toute information utile pour mieux comprendre votre projet (dates, dur\u00e9e, besoins techniques, services souhait\u00e9s, etc.).\" required=\"required\"><\/textarea>\t\t\t\t<\/div>\n\t\t\t\t\t\t\t\t<div class=\"elementor-field-group elementor-column elementor-field-type-submit elementor-col-100 e-form__buttons\">\n\t\t\t\t\t<button class=\"elementor-button elementor-size-sm\" type=\"submit\">\n\t\t\t\t\t\t<span class=\"elementor-button-content-wrapper\">\n\t\t\t\t\t\t\t\t\t\t\t\t\t\t\t\t\t\t\t\t\t\t<span class=\"elementor-button-text\">Envoyer<\/span>\n\t\t\t\t\t\t\t\t\t\t\t\t\t<\/span>\n\t\t\t\t\t<\/button>\n\t\t\t\t<\/div>\n\t\t\t<\/div>\n\t\t<\/form>\n\t\t\t\t\t\t<\/div>\n\t\t\t\t\t<\/div>\n\t\t\t\t<\/div>\n\t\t\t\t<\/div>\n\t\t","protected":false},"excerpt":{"rendered":"<p>\u00c9v\u00e9nements priv\u00e9s &amp; MICE Ksar Massa offre un cadre unique, entre dunes sauvages et oc\u00e9an, pour organiser vos \u00e9v\u00e9nements priv\u00e9s et professionnels. Que ce soit pour un mariage intime, une r\u00e9ception ou un s\u00e9minaire professionnel, notre h\u00f4tel met \u00e0 votre disposition des espaces modulables et des services sur mesure, adapt\u00e9s \u00e0 vos besoins, pour garantir [&hellip;]<\/p>\n","protected":false},"author":1,"featured_media":0,"parent":0,"menu_order":0,"comment_status":"closed","ping_status":"closed","template":"","meta":{"footnotes":""},"class_list":["post-127","page","type-page","status-publish","hentry"],"_links":{"self":[{"href":"https:\/\/ksarmassa.com\/index.php\/wp-json\/wp\/v2\/pages\/127","targetHints":{"allow":["GET"]}}],"collection":[{"href":"https:\/\/ksarmassa.com\/index.php\/wp-json\/wp\/v2\/pages"}],"about":[{"href":"https:\/\/ksarmassa.com\/index.php\/wp-json\/wp\/v2\/types\/page"}],"author":[{"embeddable":true,"href":"https:\/\/ksarmassa.com\/index.php\/wp-json\/wp\/v2\/users\/1"}],"replies":[{"embeddable":true,"href":"https:\/\/ksarmassa.com\/index.php\/wp-json\/wp\/v2\/comments?post=127"}],"version-history":[{"count":40,"href":"https:\/\/ksarmassa.com\/index.php\/wp-json\/wp\/v2\/pages\/127\/revisions"}],"predecessor-version":[{"id":1187,"href":"https:\/\/ksarmassa.com\/index.php\/wp-json\/wp\/v2\/pages\/127\/revisions\/1187"}],"wp:attachment":[{"href":"https:\/\/ksarmassa.com\/index.php\/wp-json\/wp\/v2\/media?parent=127"}],"curies":[{"name":"wp","href":"https:\/\/api.w.org\/{rel}","templated":true}]}}