{"id":133,"date":"2025-07-26T09:09:22","date_gmt":"2025-07-26T09:09:22","guid":{"rendered":"https:\/\/ksarmap.cluster100.hosting.ovh.net\/index.php\/spa-bien-etre-2\/"},"modified":"2025-08-01T08:41:15","modified_gmt":"2025-08-01T08:41:15","slug":"spa-bien-etre-2","status":"publish","type":"page","link":"https:\/\/ksarmassa.com\/index.php\/spa-bien-etre-2\/","title":{"rendered":"Spa &#038; Bien-\u00eatre"},"content":{"rendered":"\t\t<div data-elementor-type=\"wp-page\" data-elementor-id=\"133\" class=\"elementor elementor-133\" data-elementor-post-type=\"page\">\n\t\t\t\t<div class=\"elementor-element elementor-element-62737008 e-flex e-con-boxed e-con e-parent\" data-id=\"62737008\" data-element_type=\"container\" data-settings=\"{&quot;background_background&quot;:&quot;classic&quot;}\">\n\t\t\t\t\t<div class=\"e-con-inner\">\n\t\t\t\t<div class=\"elementor-element elementor-element-2e5264cf elementor-widget elementor-widget-heading\" data-id=\"2e5264cf\" data-element_type=\"widget\" data-widget_type=\"heading.default\">\n\t\t\t\t\t<h5 class=\"elementor-heading-title elementor-size-default\">Une \u00e9vasion authentique<\/h5>\t\t\t\t<\/div>\n\t\t\t\t<div class=\"elementor-element elementor-element-77a5df70 elementor-widget elementor-widget-heading\" data-id=\"77a5df70\" data-element_type=\"widget\" data-widget_type=\"heading.default\">\n\t\t\t\t\t<h1 class=\"elementor-heading-title elementor-size-default\">D\u00e9couvrez un havre de paix au c\u0153ur de la nature<\/h1>\t\t\t\t<\/div>\n\t\t\t\t<div class=\"elementor-element elementor-element-691a338b elementor-widget elementor-widget-heading\" data-id=\"691a338b\" data-element_type=\"widget\" data-widget_type=\"heading.default\">\n\t\t\t\t\t<h5 class=\"elementor-heading-title elementor-size-default\">Plongez dans une exp\u00e9rience raffin\u00e9e avec nos services de bien-\u00eatre, alliant confort moderne et authenticit\u00e9 marocaine.<\/h5>\t\t\t\t<\/div>\n\t\t\t\t<div class=\"elementor-element elementor-element-37f88b94 elementor-widget__width-auto elementor-align-right elementor-widget elementor-widget-button\" data-id=\"37f88b94\" data-element_type=\"widget\" data-widget_type=\"button.default\">\n\t\t\t\t\t\t\t\t\t\t<a class=\"elementor-button elementor-button-link elementor-size-sm\" href=\"https:\/\/ksarmassa.com\/index.php\/spa-details\/\">\n\t\t\t\t\t\t<span class=\"elementor-button-content-wrapper\">\n\t\t\t\t\t\t\t\t\t<span class=\"elementor-button-text\">Explorer nos services<\/span>\n\t\t\t\t\t<\/span>\n\t\t\t\t\t<\/a>\n\t\t\t\t\t\t\t\t<\/div>\n\t\t\t\t\t<\/div>\n\t\t\t\t<\/div>\n\t\t<div class=\"elementor-element elementor-element-1f88fc9e e-flex e-con-boxed e-con e-parent\" data-id=\"1f88fc9e\" data-element_type=\"container\" data-settings=\"{&quot;background_background&quot;:&quot;classic&quot;}\">\n\t\t\t\t\t<div class=\"e-con-inner\">\n\t\t<div class=\"elementor-element elementor-element-40b2ef26 e-con-full e-flex e-con e-child\" data-id=\"40b2ef26\" data-element_type=\"container\">\n\t\t\t\t<div class=\"elementor-element elementor-element-1ae4f6ad elementor-widget elementor-widget-image\" data-id=\"1ae4f6ad\" data-element_type=\"widget\" data-widget_type=\"image.default\">\n\t\t\t\t\t\t\t\t\t\t\t\t\t\t\t<img fetchpriority=\"high\" decoding=\"async\" width=\"800\" height=\"626\" src=\"https:\/\/ksarmassa.com\/wp-content\/uploads\/2025\/07\/spa-massa.jpg-67-1024x801.webp\" class=\"attachment-large size-large wp-image-721\" alt=\"\" srcset=\"https:\/\/ksarmassa.com\/wp-content\/uploads\/2025\/07\/spa-massa.jpg-67-1024x801.webp 1024w, https:\/\/ksarmassa.com\/wp-content\/uploads\/2025\/07\/spa-massa.jpg-67-300x235.webp 300w, https:\/\/ksarmassa.com\/wp-content\/uploads\/2025\/07\/spa-massa.jpg-67-768x600.webp 768w, https:\/\/ksarmassa.com\/wp-content\/uploads\/2025\/07\/spa-massa.jpg-67-1536x1201.webp 1536w, https:\/\/ksarmassa.com\/wp-content\/uploads\/2025\/07\/spa-massa.jpg-67-scaled.webp 1920w\" sizes=\"(max-width: 800px) 100vw, 800px\" \/>\t\t\t\t\t\t\t\t\t\t\t\t\t\t\t<\/div>\n\t\t\t\t<\/div>\n\t\t<div class=\"elementor-element elementor-element-2bea13fc e-con-full e-flex e-con e-child\" data-id=\"2bea13fc\" data-element_type=\"container\">\n\t\t\t\t<div class=\"elementor-element elementor-element-12cdf000 elementor-widget elementor-widget-heading\" data-id=\"12cdf000\" data-element_type=\"widget\" data-widget_type=\"heading.default\">\n\t\t\t\t\t<h2 class=\"elementor-heading-title elementor-size-default\">Nos Soins Spa<\/h2>\t\t\t\t<\/div>\n\t\t\t\t<div class=\"elementor-element elementor-element-47fd946 elementor-widget elementor-widget-text-editor\" data-id=\"47fd946\" data-element_type=\"widget\" data-widget_type=\"text-editor.default\">\n\t\t\t\t\t\t\t\t\t<p>Notre spa vous offre une gamme de soins con\u00e7us pour le bien-\u00eatre et la d\u00e9tente. Nous croyons en l&rsquo;importance de choyer votre corps et votre esprit, et nos services refl\u00e8tent cette philosophie.<\/p><p>D\u00e9couvrez notre hammam traditionnel, un lieu de s\u00e9r\u00e9nit\u00e9 pour purifier votre corps et revitaliser votre esprit. Nos massages suivent des techniques vari\u00e9es pour soulager les tensions et offrir une exp\u00e9rience apaisante. Pour un \u00e9clat rafra\u00eechissant, nos soins du visage combinent expertise et produits naturels, adapt\u00e9s \u00e0 chaque type de peau.<\/p>\t\t\t\t\t\t\t\t<\/div>\n\t\t\t\t<div class=\"elementor-element elementor-element-09224ec elementor-align-center elementor-widget elementor-widget-button\" data-id=\"09224ec\" data-element_type=\"widget\" data-widget_type=\"button.default\">\n\t\t\t\t\t\t\t\t\t\t<a class=\"elementor-button elementor-button-link elementor-size-sm\" href=\"https:\/\/ksarmassa.com\/index.php\/spa-details\/\">\n\t\t\t\t\t\t<span class=\"elementor-button-content-wrapper\">\n\t\t\t\t\t\t\t\t\t<span class=\"elementor-button-text\">Tous les services Spa &amp; Bien-\u00eatre<\/span>\n\t\t\t\t\t<\/span>\n\t\t\t\t\t<\/a>\n\t\t\t\t\t\t\t\t<\/div>\n\t\t\t\t<\/div>\n\t\t\t\t\t<\/div>\n\t\t\t\t<\/div>\n\t\t<div class=\"elementor-element elementor-element-1f4453f5 e-con-full e-flex e-con e-parent\" data-id=\"1f4453f5\" data-element_type=\"container\" data-settings=\"{&quot;background_background&quot;:&quot;classic&quot;}\">\n\t\t\t\t<div class=\"elementor-element elementor-element-1c2b564 elementor-widget elementor-widget-heading\" data-id=\"1c2b564\" data-element_type=\"widget\" data-widget_type=\"heading.default\">\n\t\t\t\t\t<h2 class=\"elementor-heading-title elementor-size-default\">Offrez-vous une pause d\u00e9tente au spa<\/h2>\t\t\t\t<\/div>\n\t\t\t\t<div class=\"elementor-element elementor-element-3a5c2463 elementor-widget elementor-widget-text-editor\" data-id=\"3a5c2463\" data-element_type=\"widget\" data-widget_type=\"text-editor.default\">\n\t\t\t\t\t\t\t\t\t<p>R\u00e9servez d\u00e8s maintenant votre passe journ\u00e9e pour b\u00e9n\u00e9ficier d&rsquo;une exp\u00e9rience relaxante et r\u00e9g\u00e9n\u00e9rante.<\/p>\t\t\t\t\t\t\t\t<\/div>\n\t\t\t\t<div class=\"elementor-element elementor-element-6fa404ae elementor-widget__width-auto elementor-align-right elementor-widget elementor-widget-button\" data-id=\"6fa404ae\" data-element_type=\"widget\" data-widget_type=\"button.default\">\n\t\t\t\t\t\t\t\t\t\t<a class=\"elementor-button elementor-button-link elementor-size-sm\" href=\"https:\/\/live.ipms247.com\/booking\/book-rooms-ksarmassa\">\n\t\t\t\t\t\t<span class=\"elementor-button-content-wrapper\">\n\t\t\t\t\t\t\t\t\t<span class=\"elementor-button-text\">R\u00e9server<\/span>\n\t\t\t\t\t<\/span>\n\t\t\t\t\t<\/a>\n\t\t\t\t\t\t\t\t<\/div>\n\t\t\t\t<\/div>\n\t\t<div class=\"elementor-element elementor-element-a6815cf e-flex e-con-boxed e-con e-parent\" data-id=\"a6815cf\" data-element_type=\"container\" data-settings=\"{&quot;background_background&quot;:&quot;classic&quot;}\">\n\t\t\t\t\t<div class=\"e-con-inner\">\n\t\t<div class=\"elementor-element elementor-element-772cb424 e-con-full e-flex e-con e-child\" data-id=\"772cb424\" data-element_type=\"container\">\n\t\t\t\t<div class=\"elementor-element elementor-element-77c1487c elementor-widget elementor-widget-heading\" data-id=\"77c1487c\" data-element_type=\"widget\" data-widget_type=\"heading.default\">\n\t\t\t\t\t<h2 class=\"elementor-heading-title elementor-size-default\">Questions Fr\u00e9quemment Pos\u00e9es<\/h2>\t\t\t\t<\/div>\n\t\t\t\t<div class=\"elementor-element elementor-element-476551aa elementor-widget elementor-widget-heading\" data-id=\"476551aa\" data-element_type=\"widget\" data-widget_type=\"heading.default\">\n\t\t\t\t\t<h5 class=\"elementor-heading-title elementor-size-default\">Trouvez ici les r\u00e9ponses aux questions les plus pos\u00e9es concernant nos services, r\u00e9servations et politiques.<\/h5>\t\t\t\t<\/div>\n\t\t\t\t<div class=\"elementor-element elementor-element-302f4af0 elementor-widget__width-auto elementor-align-right elementor-widget elementor-widget-button\" data-id=\"302f4af0\" data-element_type=\"widget\" data-widget_type=\"button.default\">\n\t\t\t\t\t\t\t\t\t\t<a class=\"elementor-button elementor-button-link elementor-size-sm\" href=\"https:\/\/ksarmassa.com\/index.php\/contact\/\">\n\t\t\t\t\t\t<span class=\"elementor-button-content-wrapper\">\n\t\t\t\t\t\t\t\t\t<span class=\"elementor-button-text\">Nous Contacter<\/span>\n\t\t\t\t\t<\/span>\n\t\t\t\t\t<\/a>\n\t\t\t\t\t\t\t\t<\/div>\n\t\t\t\t<\/div>\n\t\t<div class=\"elementor-element elementor-element-75bb6a66 e-con-full e-flex e-con e-child\" data-id=\"75bb6a66\" data-element_type=\"container\">\n\t\t\t\t<div class=\"elementor-element elementor-element-189cae0e elementor-widget elementor-widget-n-accordion\" data-id=\"189cae0e\" data-element_type=\"widget\" data-settings=\"{&quot;default_state&quot;:&quot;expanded&quot;,&quot;max_items_expended&quot;:&quot;one&quot;,&quot;n_accordion_animation_duration&quot;:{&quot;unit&quot;:&quot;ms&quot;,&quot;size&quot;:400,&quot;sizes&quot;:[]}}\" data-widget_type=\"nested-accordion.default\">\n\t\t\t\t\t\t\t<div class=\"e-n-accordion\" aria-label=\"Accordion. Open links with Enter or Space, close with Escape, and navigate with Arrow Keys\">\n\t\t\t\t\t\t<details id=\"e-n-accordion-item-4120\" class=\"e-n-accordion-item\" open>\n\t\t\t\t<summary class=\"e-n-accordion-item-title\" data-accordion-index=\"1\" tabindex=\"0\" aria-expanded=\"true\" aria-controls=\"e-n-accordion-item-4120\" >\n\t\t\t\t\t<span class='e-n-accordion-item-title-header'><div class=\"e-n-accordion-item-title-text\"> Quels services de spa proposez-vous ? <\/div><\/span>\n\t\t\t\t\t\t\t<span class='e-n-accordion-item-title-icon'>\n\t\t\t<span class='e-opened' ><svg aria-hidden=\"true\" class=\"e-font-icon-svg e-fas-minus\" viewBox=\"0 0 448 512\" xmlns=\"http:\/\/www.w3.org\/2000\/svg\"><path d=\"M416 208H32c-17.67 0-32 14.33-32 32v32c0 17.67 14.33 32 32 32h384c17.67 0 32-14.33 32-32v-32c0-17.67-14.33-32-32-32z\"><\/path><\/svg><\/span>\n\t\t\t<span class='e-closed'><svg aria-hidden=\"true\" class=\"e-font-icon-svg e-fas-plus\" viewBox=\"0 0 448 512\" xmlns=\"http:\/\/www.w3.org\/2000\/svg\"><path d=\"M416 208H272V64c0-17.67-14.33-32-32-32h-32c-17.67 0-32 14.33-32 32v144H32c-17.67 0-32 14.33-32 32v32c0 17.67 14.33 32 32 32h144v144c0 17.67 14.33 32 32 32h32c17.67 0 32-14.33 32-32V304h144c17.67 0 32-14.33 32-32v-32c0-17.67-14.33-32-32-32z\"><\/path><\/svg><\/span>\n\t\t<\/span>\n\n\t\t\t\t\t\t<\/summary>\n\t\t\t\t<div role=\"region\" aria-labelledby=\"e-n-accordion-item-4120\" class=\"elementor-element elementor-element-54cd4d67 e-con-full e-flex e-con e-child\" data-id=\"54cd4d67\" data-element_type=\"container\">\n\t\t\t\t<div class=\"elementor-element elementor-element-691a69a0 elementor-widget elementor-widget-text-editor\" data-id=\"691a69a0\" data-element_type=\"widget\" data-widget_type=\"text-editor.default\">\n\t\t\t\t\t\t\t\t\t<p>Notre spa offre une gamme vari\u00e9e de soins de relaxation, y compris massages, soins du visage et traitements corporels. Notre objectif est de vous fournir une exp\u00e9rience de bien-\u00eatre unique qui allie tradition et luxe.<\/p>\t\t\t\t\t\t\t\t<\/div>\n\t\t\t\t<\/div>\n\t\t\t\t\t<\/details>\n\t\t\t\t\t\t<details id=\"e-n-accordion-item-4121\" class=\"e-n-accordion-item\" >\n\t\t\t\t<summary class=\"e-n-accordion-item-title\" data-accordion-index=\"2\" tabindex=\"-1\" aria-expanded=\"false\" aria-controls=\"e-n-accordion-item-4121\" >\n\t\t\t\t\t<span class='e-n-accordion-item-title-header'><div class=\"e-n-accordion-item-title-text\"> Comment effectuer une r\u00e9servation ? <\/div><\/span>\n\t\t\t\t\t\t\t<span class='e-n-accordion-item-title-icon'>\n\t\t\t<span class='e-opened' ><svg aria-hidden=\"true\" class=\"e-font-icon-svg e-fas-minus\" viewBox=\"0 0 448 512\" xmlns=\"http:\/\/www.w3.org\/2000\/svg\"><path d=\"M416 208H32c-17.67 0-32 14.33-32 32v32c0 17.67 14.33 32 32 32h384c17.67 0 32-14.33 32-32v-32c0-17.67-14.33-32-32-32z\"><\/path><\/svg><\/span>\n\t\t\t<span class='e-closed'><svg aria-hidden=\"true\" class=\"e-font-icon-svg e-fas-plus\" viewBox=\"0 0 448 512\" xmlns=\"http:\/\/www.w3.org\/2000\/svg\"><path d=\"M416 208H272V64c0-17.67-14.33-32-32-32h-32c-17.67 0-32 14.33-32 32v144H32c-17.67 0-32 14.33-32 32v32c0 17.67 14.33 32 32 32h144v144c0 17.67 14.33 32 32 32h32c17.67 0 32-14.33 32-32V304h144c17.67 0 32-14.33 32-32v-32c0-17.67-14.33-32-32-32z\"><\/path><\/svg><\/span>\n\t\t<\/span>\n\n\t\t\t\t\t\t<\/summary>\n\t\t\t\t<div role=\"region\" aria-labelledby=\"e-n-accordion-item-4121\" class=\"elementor-element elementor-element-59ab4526 e-con-full e-flex e-con e-child\" data-id=\"59ab4526\" data-element_type=\"container\">\n\t\t\t\t<div class=\"elementor-element elementor-element-3bf5f607 elementor-widget elementor-widget-text-editor\" data-id=\"3bf5f607\" data-element_type=\"widget\" data-widget_type=\"text-editor.default\">\n\t\t\t\t\t\t\t\t\t<p>Pour effectuer une r\u00e9servation, vous pouvez utiliser notre moteur de r\u00e9servation en ligne disponible sur notre site web ou nous appeler directement. Nous sommes l\u00e0 pour vous aider \u00e0 choisir le meilleur moment et service pour vous.<\/p>\t\t\t\t\t\t\t\t<\/div>\n\t\t\t\t<\/div>\n\t\t\t\t\t<\/details>\n\t\t\t\t\t\t<details id=\"e-n-accordion-item-4122\" class=\"e-n-accordion-item\" >\n\t\t\t\t<summary class=\"e-n-accordion-item-title\" data-accordion-index=\"3\" tabindex=\"-1\" aria-expanded=\"false\" aria-controls=\"e-n-accordion-item-4122\" >\n\t\t\t\t\t<span class='e-n-accordion-item-title-header'><div class=\"e-n-accordion-item-title-text\"> Quelles sont vos politiques d'annulation ? <\/div><\/span>\n\t\t\t\t\t\t\t<span class='e-n-accordion-item-title-icon'>\n\t\t\t<span class='e-opened' ><svg aria-hidden=\"true\" class=\"e-font-icon-svg e-fas-minus\" viewBox=\"0 0 448 512\" xmlns=\"http:\/\/www.w3.org\/2000\/svg\"><path d=\"M416 208H32c-17.67 0-32 14.33-32 32v32c0 17.67 14.33 32 32 32h384c17.67 0 32-14.33 32-32v-32c0-17.67-14.33-32-32-32z\"><\/path><\/svg><\/span>\n\t\t\t<span class='e-closed'><svg aria-hidden=\"true\" class=\"e-font-icon-svg e-fas-plus\" viewBox=\"0 0 448 512\" xmlns=\"http:\/\/www.w3.org\/2000\/svg\"><path d=\"M416 208H272V64c0-17.67-14.33-32-32-32h-32c-17.67 0-32 14.33-32 32v144H32c-17.67 0-32 14.33-32 32v32c0 17.67 14.33 32 32 32h144v144c0 17.67 14.33 32 32 32h32c17.67 0 32-14.33 32-32V304h144c17.67 0 32-14.33 32-32v-32c0-17.67-14.33-32-32-32z\"><\/path><\/svg><\/span>\n\t\t<\/span>\n\n\t\t\t\t\t\t<\/summary>\n\t\t\t\t<div role=\"region\" aria-labelledby=\"e-n-accordion-item-4122\" class=\"elementor-element elementor-element-f19453e e-con-full e-flex e-con e-child\" data-id=\"f19453e\" data-element_type=\"container\">\n\t\t\t\t<div class=\"elementor-element elementor-element-6b8d0d21 elementor-widget elementor-widget-text-editor\" data-id=\"6b8d0d21\" data-element_type=\"widget\" data-widget_type=\"text-editor.default\">\n\t\t\t\t\t\t\t\t\t<p>Nos politiques d&rsquo;annulation sont simples. Vous pouvez annuler votre r\u00e9servation sans frais jusqu&rsquo;\u00e0 24 heures avant votre arriv\u00e9e. Pass\u00e9 ce d\u00e9lai, des frais peuvent s&rsquo;appliquer selon la nature de votre r\u00e9servation.<\/p>\t\t\t\t\t\t\t\t<\/div>\n\t\t\t\t<\/div>\n\t\t\t\t\t<\/details>\n\t\t\t\t\t\t<details id=\"e-n-accordion-item-4123\" class=\"e-n-accordion-item\" >\n\t\t\t\t<summary class=\"e-n-accordion-item-title\" data-accordion-index=\"4\" tabindex=\"-1\" aria-expanded=\"false\" aria-controls=\"e-n-accordion-item-4123\" >\n\t\t\t\t\t<span class='e-n-accordion-item-title-header'><div class=\"e-n-accordion-item-title-text\"> Quels sont les horaires d'ouverture du spa ? <\/div><\/span>\n\t\t\t\t\t\t\t<span class='e-n-accordion-item-title-icon'>\n\t\t\t<span class='e-opened' ><svg aria-hidden=\"true\" class=\"e-font-icon-svg e-fas-minus\" viewBox=\"0 0 448 512\" xmlns=\"http:\/\/www.w3.org\/2000\/svg\"><path d=\"M416 208H32c-17.67 0-32 14.33-32 32v32c0 17.67 14.33 32 32 32h384c17.67 0 32-14.33 32-32v-32c0-17.67-14.33-32-32-32z\"><\/path><\/svg><\/span>\n\t\t\t<span class='e-closed'><svg aria-hidden=\"true\" class=\"e-font-icon-svg e-fas-plus\" viewBox=\"0 0 448 512\" xmlns=\"http:\/\/www.w3.org\/2000\/svg\"><path d=\"M416 208H272V64c0-17.67-14.33-32-32-32h-32c-17.67 0-32 14.33-32 32v144H32c-17.67 0-32 14.33-32 32v32c0 17.67 14.33 32 32 32h144v144c0 17.67 14.33 32 32 32h32c17.67 0 32-14.33 32-32V304h144c17.67 0 32-14.33 32-32v-32c0-17.67-14.33-32-32-32z\"><\/path><\/svg><\/span>\n\t\t<\/span>\n\n\t\t\t\t\t\t<\/summary>\n\t\t\t\t<div role=\"region\" aria-labelledby=\"e-n-accordion-item-4123\" class=\"elementor-element elementor-element-419436d6 e-con-full e-flex e-con e-child\" data-id=\"419436d6\" data-element_type=\"container\">\n\t\t\t\t<div class=\"elementor-element elementor-element-5c22e7d0 elementor-widget elementor-widget-text-editor\" data-id=\"5c22e7d0\" data-element_type=\"widget\" data-widget_type=\"text-editor.default\">\n\t\t\t\t\t\t\t\t\t<p>Le spa est ouvert tous les jours de 9h \u00e0 20h. Nous vous encourageons \u00e0 r\u00e9server \u00e0 l&rsquo;avance pour garantir votre cr\u00e9neau, surtout pendant les p\u00e9riodes de forte demande.<\/p>\t\t\t\t\t\t\t\t<\/div>\n\t\t\t\t<\/div>\n\t\t\t\t\t<\/details>\n\t\t\t\t\t\t<details id=\"e-n-accordion-item-4124\" class=\"e-n-accordion-item\" >\n\t\t\t\t<summary class=\"e-n-accordion-item-title\" data-accordion-index=\"5\" tabindex=\"-1\" aria-expanded=\"false\" aria-controls=\"e-n-accordion-item-4124\" >\n\t\t\t\t\t<span class='e-n-accordion-item-title-header'><div class=\"e-n-accordion-item-title-text\"> Offrez-vous des options de r\u00e9servation en ligne ? <\/div><\/span>\n\t\t\t\t\t\t\t<span class='e-n-accordion-item-title-icon'>\n\t\t\t<span class='e-opened' ><svg aria-hidden=\"true\" class=\"e-font-icon-svg e-fas-minus\" viewBox=\"0 0 448 512\" xmlns=\"http:\/\/www.w3.org\/2000\/svg\"><path d=\"M416 208H32c-17.67 0-32 14.33-32 32v32c0 17.67 14.33 32 32 32h384c17.67 0 32-14.33 32-32v-32c0-17.67-14.33-32-32-32z\"><\/path><\/svg><\/span>\n\t\t\t<span class='e-closed'><svg aria-hidden=\"true\" class=\"e-font-icon-svg e-fas-plus\" viewBox=\"0 0 448 512\" xmlns=\"http:\/\/www.w3.org\/2000\/svg\"><path d=\"M416 208H272V64c0-17.67-14.33-32-32-32h-32c-17.67 0-32 14.33-32 32v144H32c-17.67 0-32 14.33-32 32v32c0 17.67 14.33 32 32 32h144v144c0 17.67 14.33 32 32 32h32c17.67 0 32-14.33 32-32V304h144c17.67 0 32-14.33 32-32v-32c0-17.67-14.33-32-32-32z\"><\/path><\/svg><\/span>\n\t\t<\/span>\n\n\t\t\t\t\t\t<\/summary>\n\t\t\t\t<div role=\"region\" aria-labelledby=\"e-n-accordion-item-4124\" class=\"elementor-element elementor-element-16ba6498 e-con-full e-flex e-con e-child\" data-id=\"16ba6498\" data-element_type=\"container\">\n\t\t\t\t<div class=\"elementor-element elementor-element-314b73cc elementor-widget elementor-widget-text-editor\" data-id=\"314b73cc\" data-element_type=\"widget\" data-widget_type=\"text-editor.default\">\n\t\t\t\t\t\t\t\t\t<p>Oui, nous offrons la possibilit\u00e9 de r\u00e9server vos soins en ligne via notre site. Cela vous permet de choisir le service, la date et l&rsquo;heure qui vous conviennent le mieux.<\/p>\t\t\t\t\t\t\t\t<\/div>\n\t\t\t\t<\/div>\n\t\t\t\t\t<\/details>\n\t\t\t\t\t<\/div>\n\t\t\t\t\t\t<\/div>\n\t\t\t\t<\/div>\n\t\t\t\t\t<\/div>\n\t\t\t\t<\/div>\n\t\t\t\t<\/div>\n\t\t","protected":false},"excerpt":{"rendered":"<p>Une \u00e9vasion authentique D\u00e9couvrez un havre de paix au c\u0153ur de la nature Plongez dans une exp\u00e9rience raffin\u00e9e avec nos services de bien-\u00eatre, alliant confort moderne et authenticit\u00e9 marocaine. Explorer nos services Nos Soins Spa Notre spa vous offre une gamme de soins con\u00e7us pour le bien-\u00eatre et la d\u00e9tente. Nous croyons en l&rsquo;importance de [&hellip;]<\/p>\n","protected":false},"author":1,"featured_media":0,"parent":0,"menu_order":0,"comment_status":"closed","ping_status":"closed","template":"","meta":{"footnotes":""},"class_list":["post-133","page","type-page","status-publish","hentry"],"_links":{"self":[{"href":"https:\/\/ksarmassa.com\/index.php\/wp-json\/wp\/v2\/pages\/133","targetHints":{"allow":["GET"]}}],"collection":[{"href":"https:\/\/ksarmassa.com\/index.php\/wp-json\/wp\/v2\/pages"}],"about":[{"href":"https:\/\/ksarmassa.com\/index.php\/wp-json\/wp\/v2\/types\/page"}],"author":[{"embeddable":true,"href":"https:\/\/ksarmassa.com\/index.php\/wp-json\/wp\/v2\/users\/1"}],"replies":[{"embeddable":true,"href":"https:\/\/ksarmassa.com\/index.php\/wp-json\/wp\/v2\/comments?post=133"}],"version-history":[{"count":20,"href":"https:\/\/ksarmassa.com\/index.php\/wp-json\/wp\/v2\/pages\/133\/revisions"}],"predecessor-version":[{"id":1247,"href":"https:\/\/ksarmassa.com\/index.php\/wp-json\/wp\/v2\/pages\/133\/revisions\/1247"}],"wp:attachment":[{"href":"https:\/\/ksarmassa.com\/index.php\/wp-json\/wp\/v2\/media?parent=133"}],"curies":[{"name":"wp","href":"https:\/\/api.w.org\/{rel}","templated":true}]}}