{"id":488,"date":"2025-07-28T09:28:40","date_gmt":"2025-07-28T09:28:40","guid":{"rendered":"https:\/\/ksarmap.cluster100.hosting.ovh.net\/?page_id=488"},"modified":"2025-08-01T08:35:38","modified_gmt":"2025-08-01T08:35:38","slug":"experiences","status":"publish","type":"page","link":"https:\/\/ksarmassa.com\/index.php\/experiences\/","title":{"rendered":"Experiences"},"content":{"rendered":"\t\t<div data-elementor-type=\"wp-page\" data-elementor-id=\"488\" class=\"elementor elementor-488\" data-elementor-post-type=\"page\">\n\t\t\t\t<div class=\"elementor-element elementor-element-31081753 e-con-full e-flex e-con e-parent\" data-id=\"31081753\" data-element_type=\"container\" data-settings=\"{&quot;background_background&quot;:&quot;classic&quot;}\">\n\t\t<div class=\"elementor-element elementor-element-2c375132 e-con-full e-flex e-con e-child\" data-id=\"2c375132\" data-element_type=\"container\">\n\t\t\t\t<div class=\"elementor-element elementor-element-2f93ba34 elementor-widget elementor-widget-heading\" data-id=\"2f93ba34\" data-element_type=\"widget\" data-widget_type=\"heading.default\">\n\t\t\t\t\t<h1 class=\"elementor-heading-title elementor-size-default\">Profitez de nombreuses activit\u00e9s \u00e0 votre porte<\/h1>\t\t\t\t<\/div>\n\t\t\t\t<div class=\"elementor-element elementor-element-7d50247a elementor-widget elementor-widget-heading\" data-id=\"7d50247a\" data-element_type=\"widget\" data-widget_type=\"heading.default\">\n\t\t\t\t\t<h5 class=\"elementor-heading-title elementor-size-default\">Plongez dans des exp\u00e9rience uniques entre nature, sport, d\u00e9couverte et farniente<\/h5>\t\t\t\t<\/div>\n\t\t\t\t<\/div>\n\t\t\t\t<\/div>\n\t\t<div class=\"elementor-element elementor-element-48cbc739 e-flex e-con-boxed e-con e-parent\" data-id=\"48cbc739\" data-element_type=\"container\" data-settings=\"{&quot;background_background&quot;:&quot;classic&quot;}\">\n\t\t\t\t\t<div class=\"e-con-inner\">\n\t\t<div class=\"elementor-element elementor-element-3a6b9ebc e-con-full e-flex e-con e-child\" data-id=\"3a6b9ebc\" data-element_type=\"container\">\n\t\t<div class=\"elementor-element elementor-element-78287bc5 e-con-full e-flex e-con e-child\" data-id=\"78287bc5\" data-element_type=\"container\">\n\t\t\t\t<div class=\"elementor-element elementor-element-610f894e elementor-widget elementor-widget-heading\" data-id=\"610f894e\" data-element_type=\"widget\" data-widget_type=\"heading.default\">\n\t\t\t\t\t<h3 class=\"elementor-heading-title elementor-size-default\">Nos Activit\u00e9s Sportives<\/h3>\t\t\t\t<\/div>\n\t\t\t\t<div class=\"elementor-element elementor-element-51dd5698 elementor-widget elementor-widget-text-editor\" data-id=\"51dd5698\" data-element_type=\"widget\" data-widget_type=\"text-editor.default\">\n\t\t\t\t\t\t\t\t\t<p data-pm-slice=\"1 1 []\"><strong>Vivez l\u2019aventure au c\u0153ur d\u2019un d\u00e9cor naturel exceptionnel<\/strong> avec des activit\u00e9s sportives pour tous les go\u00fbts.<\/p><p data-pm-slice=\"1 1 []\"><strong>Surfez<\/strong> sur les vagues de l\u2019Atlantique, vivez l\u2019adr\u00e9naline des dunes dor\u00e9es en <strong>quad ou buggy<\/strong>, explorez des paysages sauvages <strong>en 4&#215;4,<\/strong> ou prenez votre envol en <strong>parapente<\/strong>.<\/p><p>Pour les amateurs de sensations et d\u2019aventure, Ksar Massa offre un terrain de jeu unique au c\u0153ur d\u2019un environnement naturel pr\u00e9serv\u00e9.<\/p>\t\t\t\t\t\t\t\t<\/div>\n\t\t<div class=\"elementor-element elementor-element-43ddf1dc e-con-full e-flex e-con e-child\" data-id=\"43ddf1dc\" data-element_type=\"container\">\n\t\t\t\t<div class=\"elementor-element elementor-element-949f7c1 elementor-align-center elementor-widget elementor-widget-button\" data-id=\"949f7c1\" data-element_type=\"widget\" data-widget_type=\"button.default\">\n\t\t\t\t\t\t\t\t\t\t<a class=\"elementor-button elementor-button-link elementor-size-sm\" href=\"https:\/\/ksarmassa.com\/index.php\/activites-sportives\/\">\n\t\t\t\t\t\t<span class=\"elementor-button-content-wrapper\">\n\t\t\t\t\t\t\t\t\t<span class=\"elementor-button-text\">Toutes les activit\u00e9s sportives<\/span>\n\t\t\t\t\t<\/span>\n\t\t\t\t\t<\/a>\n\t\t\t\t\t\t\t\t<\/div>\n\t\t\t\t<\/div>\n\t\t\t\t<\/div>\n\t\t<div class=\"elementor-element elementor-element-58ecb896 e-con-full e-flex e-con e-child\" data-id=\"58ecb896\" data-element_type=\"container\" data-settings=\"{&quot;background_background&quot;:&quot;classic&quot;}\">\n\t\t\t\t<div class=\"elementor-element elementor-element-6d57809 elementor-widget elementor-widget-image\" data-id=\"6d57809\" data-element_type=\"widget\" data-widget_type=\"image.default\">\n\t\t\t\t\t\t\t\t\t\t\t\t\t\t\t<img fetchpriority=\"high\" decoding=\"async\" width=\"800\" height=\"529\" src=\"https:\/\/ksarmassa.com\/wp-content\/uploads\/2025\/07\/4X4-COTE-SUD-copie-1024x677.jpg\" class=\"attachment-large size-large wp-image-291\" alt=\"\" srcset=\"https:\/\/ksarmassa.com\/wp-content\/uploads\/2025\/07\/4X4-COTE-SUD-copie-1024x677.jpg 1024w, https:\/\/ksarmassa.com\/wp-content\/uploads\/2025\/07\/4X4-COTE-SUD-copie-300x198.jpg 300w, https:\/\/ksarmassa.com\/wp-content\/uploads\/2025\/07\/4X4-COTE-SUD-copie-768x508.jpg 768w, https:\/\/ksarmassa.com\/wp-content\/uploads\/2025\/07\/4X4-COTE-SUD-copie-1536x1016.jpg 1536w, https:\/\/ksarmassa.com\/wp-content\/uploads\/2025\/07\/4X4-COTE-SUD-copie-2048x1354.jpg 2048w\" sizes=\"(max-width: 800px) 100vw, 800px\" \/>\t\t\t\t\t\t\t\t\t\t\t\t\t\t\t<\/div>\n\t\t\t\t<\/div>\n\t\t\t\t<\/div>\n\t\t<div class=\"elementor-element elementor-element-1d0e1e6f e-con-full e-flex e-con e-child\" data-id=\"1d0e1e6f\" data-element_type=\"container\">\n\t\t<div class=\"elementor-element elementor-element-5ac29eba e-con-full e-flex e-con e-child\" data-id=\"5ac29eba\" data-element_type=\"container\" data-settings=\"{&quot;background_background&quot;:&quot;classic&quot;}\">\n\t\t\t\t<div class=\"elementor-element elementor-element-b888f4f elementor-widget elementor-widget-image\" data-id=\"b888f4f\" data-element_type=\"widget\" data-widget_type=\"image.default\">\n\t\t\t\t\t\t\t\t\t\t\t\t\t\t\t<img decoding=\"async\" width=\"800\" height=\"534\" src=\"https:\/\/ksarmassa.com\/wp-content\/uploads\/2025\/07\/2_Faons_PS_IMG_7622-1024x683.jpg\" class=\"attachment-large size-large wp-image-521\" alt=\"\" srcset=\"https:\/\/ksarmassa.com\/wp-content\/uploads\/2025\/07\/2_Faons_PS_IMG_7622-1024x683.jpg 1024w, https:\/\/ksarmassa.com\/wp-content\/uploads\/2025\/07\/2_Faons_PS_IMG_7622-300x200.jpg 300w, https:\/\/ksarmassa.com\/wp-content\/uploads\/2025\/07\/2_Faons_PS_IMG_7622-768x512.jpg 768w, https:\/\/ksarmassa.com\/wp-content\/uploads\/2025\/07\/2_Faons_PS_IMG_7622-1536x1024.jpg 1536w, https:\/\/ksarmassa.com\/wp-content\/uploads\/2025\/07\/2_Faons_PS_IMG_7622-2048x1365.jpg 2048w\" sizes=\"(max-width: 800px) 100vw, 800px\" \/>\t\t\t\t\t\t\t\t\t\t\t\t\t\t\t<\/div>\n\t\t\t\t<\/div>\n\t\t<div class=\"elementor-element elementor-element-7acfe95c e-con-full e-flex e-con e-child\" data-id=\"7acfe95c\" data-element_type=\"container\">\n\t\t\t\t<div class=\"elementor-element elementor-element-29a7238c elementor-widget elementor-widget-heading\" data-id=\"29a7238c\" data-element_type=\"widget\" data-widget_type=\"heading.default\">\n\t\t\t\t\t<h3 class=\"elementor-heading-title elementor-size-default\">Explorez la Nature et d\u00e9couvrez la culture locale<\/h3>\t\t\t\t<\/div>\n\t\t\t\t<div class=\"elementor-element elementor-element-21ac40fc elementor-widget elementor-widget-text-editor\" data-id=\"21ac40fc\" data-element_type=\"widget\" data-widget_type=\"text-editor.default\">\n\t\t\t\t\t\t\t\t\t<p>Partez \u00e0 la d\u00e9couverte d\u2019un <strong>territoire exceptionnel<\/strong> o\u00f9 la <strong>nature r\u00e8gne en ma\u00eetre<\/strong>.<\/p><p>Ici, dans la r\u00e9serve ornithologique, les <strong>flamants roses<\/strong>, ibis chauves et <strong>oiseaux rares<\/strong> \u00e9voluent librement.<\/p><p>Vous croiserez aussi des <strong>autruches<\/strong>, <strong>gazelles<\/strong> et adax, v\u00e9ritables symboles de cette <strong>r\u00e9gion sauvage<\/strong>, qui ont inspir\u00e9 le nom des chambres de Ksar Massa.<\/p><p>Entre <strong>plages d\u00e9sertes<\/strong>, <strong>sentiers secrets<\/strong> et <strong>villages authentiques<\/strong>, chaque pas vous emm\u00e8ne plus loin dans <strong>l\u2019aventure et la d\u00e9couverte d\u2019un monde intact<\/strong>.<\/p>\t\t\t\t\t\t\t\t<\/div>\n\t\t<div class=\"elementor-element elementor-element-25fdb008 e-con-full e-flex e-con e-child\" data-id=\"25fdb008\" data-element_type=\"container\">\n\t\t\t\t<div class=\"elementor-element elementor-element-2fcf6508 elementor-align-center elementor-widget__width-inherit elementor-widget elementor-widget-button\" data-id=\"2fcf6508\" data-element_type=\"widget\" data-widget_type=\"button.default\">\n\t\t\t\t\t\t\t\t\t\t<a class=\"elementor-button elementor-button-link elementor-size-sm\" href=\"https:\/\/ksarmassa.com\/index.php\/nature-culture\/\">\n\t\t\t\t\t\t<span class=\"elementor-button-content-wrapper\">\n\t\t\t\t\t\t\t\t\t<span class=\"elementor-button-text\">Toutes les activit\u00e9s nature &amp; culture<\/span>\n\t\t\t\t\t<\/span>\n\t\t\t\t\t<\/a>\n\t\t\t\t\t\t\t\t<\/div>\n\t\t\t\t<\/div>\n\t\t\t\t<\/div>\n\t\t\t\t<\/div>\n\t\t<div class=\"elementor-element elementor-element-63c525e e-con-full e-flex e-con e-child\" data-id=\"63c525e\" data-element_type=\"container\">\n\t\t<div class=\"elementor-element elementor-element-4070a32 e-con-full e-flex e-con e-child\" data-id=\"4070a32\" data-element_type=\"container\">\n\t\t\t\t<div class=\"elementor-element elementor-element-4063bac elementor-widget elementor-widget-heading\" data-id=\"4063bac\" data-element_type=\"widget\" data-widget_type=\"heading.default\">\n\t\t\t\t\t<h3 class=\"elementor-heading-title elementor-size-default\">Spa &amp; bien-\u00eatre<\/h3>\t\t\t\t<\/div>\n\t\t\t\t<div class=\"elementor-element elementor-element-4ee41e9 elementor-widget elementor-widget-text-editor\" data-id=\"4ee41e9\" data-element_type=\"widget\" data-widget_type=\"text-editor.default\">\n\t\t\t\t\t\t\t\t\t<p>Offrez-vous des moments de <strong>calme<\/strong> et de <strong>ressourcement<\/strong> au c\u0153ur de ce <strong>cadre naturel pr\u00e9serv\u00e9<\/strong>.<\/p><p>Que ce soit lors d\u2019une s\u00e9ance de <strong>yoga face \u00e0 l\u2019oc\u00e9an<\/strong>, d\u2019un <strong>massage relaxant<\/strong> au spa ou simplement en profitant de la qui\u00e9tude des lieux, Ksar Massa est un <strong>refuge pour le corps et l\u2019esprit.<\/strong><\/p><p>Ici, le temps ralentit, et chaque instant vous invite \u00e0 retrouver votre \u00e9quilibre, loin du tumulte du quotidien.<\/p>\t\t\t\t\t\t\t\t<\/div>\n\t\t<div class=\"elementor-element elementor-element-778548f e-con-full e-flex e-con e-child\" data-id=\"778548f\" data-element_type=\"container\">\n\t\t\t\t<div class=\"elementor-element elementor-element-cdf07fe elementor-align-center elementor-widget__width-inherit elementor-widget elementor-widget-button\" data-id=\"cdf07fe\" data-element_type=\"widget\" data-widget_type=\"button.default\">\n\t\t\t\t\t\t\t\t\t\t<a class=\"elementor-button elementor-button-link elementor-size-sm\" href=\"https:\/\/ksarmassa.com\/index.php\/spa-bien-etre-2\/\">\n\t\t\t\t\t\t<span class=\"elementor-button-content-wrapper\">\n\t\t\t\t\t\t\t\t\t<span class=\"elementor-button-text\">Tous les services Spa &amp; bien-\u00eatre<\/span>\n\t\t\t\t\t<\/span>\n\t\t\t\t\t<\/a>\n\t\t\t\t\t\t\t\t<\/div>\n\t\t\t\t<\/div>\n\t\t\t\t<\/div>\n\t\t<div class=\"elementor-element elementor-element-79943f8 e-con-full e-flex e-con e-child\" data-id=\"79943f8\" data-element_type=\"container\" data-settings=\"{&quot;background_background&quot;:&quot;classic&quot;}\">\n\t\t\t\t<div class=\"elementor-element elementor-element-3ed87aa elementor-widget elementor-widget-image\" data-id=\"3ed87aa\" data-element_type=\"widget\" data-widget_type=\"image.default\">\n\t\t\t\t\t\t\t\t\t\t\t\t\t\t\t<img decoding=\"async\" width=\"800\" height=\"535\" src=\"https:\/\/ksarmassa.com\/wp-content\/uploads\/2025\/07\/spa-Hammam.jpg-92-1024x685.jpg\" class=\"attachment-large size-large wp-image-544\" alt=\"\" srcset=\"https:\/\/ksarmassa.com\/wp-content\/uploads\/2025\/07\/spa-Hammam.jpg-92-1024x685.jpg 1024w, https:\/\/ksarmassa.com\/wp-content\/uploads\/2025\/07\/spa-Hammam.jpg-92-300x201.jpg 300w, https:\/\/ksarmassa.com\/wp-content\/uploads\/2025\/07\/spa-Hammam.jpg-92-768x514.jpg 768w, https:\/\/ksarmassa.com\/wp-content\/uploads\/2025\/07\/spa-Hammam.jpg-92-1536x1028.jpg 1536w, https:\/\/ksarmassa.com\/wp-content\/uploads\/2025\/07\/spa-Hammam.jpg-92-2048x1371.jpg 2048w\" sizes=\"(max-width: 800px) 100vw, 800px\" \/>\t\t\t\t\t\t\t\t\t\t\t\t\t\t\t<\/div>\n\t\t\t\t<\/div>\n\t\t\t\t<\/div>\n\t\t\t\t\t<\/div>\n\t\t\t\t<\/div>\n\t\t<div class=\"elementor-element elementor-element-3818d334 e-con-full e-flex e-con e-parent\" data-id=\"3818d334\" data-element_type=\"container\" data-settings=\"{&quot;background_background&quot;:&quot;classic&quot;}\">\n\t\t\t\t<div class=\"elementor-element elementor-element-476c736a elementor-widget elementor-widget-heading\" data-id=\"476c736a\" data-element_type=\"widget\" data-widget_type=\"heading.default\">\n\t\t\t\t\t<h2 class=\"elementor-heading-title elementor-size-default\">R\u00e9servez votre s\u00e9jour d'exception<\/h2>\t\t\t\t<\/div>\n\t\t\t\t<div class=\"elementor-element elementor-element-22a44395 elementor-widget elementor-widget-text-editor\" data-id=\"22a44395\" data-element_type=\"widget\" data-widget_type=\"text-editor.default\">\n\t\t\t\t\t\t\t\t\t<p>Vivez une exp\u00e9rience inoubliable dans l&rsquo;authenticit\u00e9 de notre h\u00f4tel. R\u00e9servez d\u00e8s aujourd&rsquo;hui pour plonger dans notre univers unique<\/p>\t\t\t\t\t\t\t\t<\/div>\n\t\t\t\t<div class=\"elementor-element elementor-element-3bcbf29d elementor-widget__width-auto elementor-align-right elementor-widget elementor-widget-button\" data-id=\"3bcbf29d\" data-element_type=\"widget\" data-widget_type=\"button.default\">\n\t\t\t\t\t\t\t\t\t\t<a class=\"elementor-button elementor-button-link elementor-size-sm\" href=\"https:\/\/live.ipms247.com\/booking\/book-rooms-ksarmassa\">\n\t\t\t\t\t\t<span class=\"elementor-button-content-wrapper\">\n\t\t\t\t\t\t\t\t\t<span class=\"elementor-button-text\">R\u00e9server maintenant<\/span>\n\t\t\t\t\t<\/span>\n\t\t\t\t\t<\/a>\n\t\t\t\t\t\t\t\t<\/div>\n\t\t\t\t<\/div>\n\t\t<div class=\"elementor-element elementor-element-6091b244 e-flex e-con-boxed e-con e-parent\" data-id=\"6091b244\" data-element_type=\"container\" data-settings=\"{&quot;background_background&quot;:&quot;classic&quot;}\">\n\t\t\t\t\t<div class=\"e-con-inner\">\n\t\t<div class=\"elementor-element elementor-element-32316b57 e-con-full e-flex e-con e-child\" data-id=\"32316b57\" data-element_type=\"container\">\n\t\t\t\t<div class=\"elementor-element elementor-element-af88cd8 elementor-widget elementor-widget-heading\" data-id=\"af88cd8\" data-element_type=\"widget\" data-widget_type=\"heading.default\">\n\t\t\t\t\t<h2 class=\"elementor-heading-title elementor-size-default\">Questions Fr\u00e9quemment Pos\u00e9es<\/h2>\t\t\t\t<\/div>\n\t\t\t\t<div class=\"elementor-element elementor-element-703135b8 elementor-widget elementor-widget-heading\" data-id=\"703135b8\" data-element_type=\"widget\" data-widget_type=\"heading.default\">\n\t\t\t\t\t<h5 class=\"elementor-heading-title elementor-size-default\">Trouvez ici les r\u00e9ponses \u00e0 vos questions sur nos services et exp\u00e9riences.<\/h5>\t\t\t\t<\/div>\n\t\t\t\t<div class=\"elementor-element elementor-element-27e2d481 elementor-widget__width-auto elementor-widget elementor-widget-button\" data-id=\"27e2d481\" data-element_type=\"widget\" data-widget_type=\"button.default\">\n\t\t\t\t\t\t\t\t\t\t<a class=\"elementor-button elementor-button-link elementor-size-sm\" href=\"https:\/\/ksarmassa.com\/index.php\/contact\/\">\n\t\t\t\t\t\t<span class=\"elementor-button-content-wrapper\">\n\t\t\t\t\t\t\t\t\t<span class=\"elementor-button-text\">Nous Contacter<\/span>\n\t\t\t\t\t<\/span>\n\t\t\t\t\t<\/a>\n\t\t\t\t\t\t\t\t<\/div>\n\t\t\t\t<\/div>\n\t\t<div class=\"elementor-element elementor-element-65e612d0 e-con-full e-flex e-con e-child\" data-id=\"65e612d0\" data-element_type=\"container\">\n\t\t\t\t<div class=\"elementor-element elementor-element-5b1fb41f elementor-widget elementor-widget-toggle\" data-id=\"5b1fb41f\" data-element_type=\"widget\" data-widget_type=\"toggle.default\">\n\t\t\t\t\t\t\t<div class=\"elementor-toggle\">\n\t\t\t\t\t\t\t<div class=\"elementor-toggle-item\">\n\t\t\t\t\t<div id=\"elementor-tab-title-1521\" class=\"elementor-tab-title\" data-tab=\"1\" role=\"button\" aria-controls=\"elementor-tab-content-1521\" aria-expanded=\"false\">\n\t\t\t\t\t\t\t\t\t\t\t\t<span class=\"elementor-toggle-icon elementor-toggle-icon-right\" aria-hidden=\"true\">\n\t\t\t\t\t\t\t\t\t\t\t\t\t\t\t<span class=\"elementor-toggle-icon-closed\"><svg class=\"e-font-icon-svg e-fas-caret-right\" viewBox=\"0 0 192 512\" xmlns=\"http:\/\/www.w3.org\/2000\/svg\"><path d=\"M0 384.662V127.338c0-17.818 21.543-26.741 34.142-14.142l128.662 128.662c7.81 7.81 7.81 20.474 0 28.284L34.142 398.804C21.543 411.404 0 402.48 0 384.662z\"><\/path><\/svg><\/span>\n\t\t\t\t\t\t\t\t<span class=\"elementor-toggle-icon-opened\"><svg class=\"elementor-toggle-icon-opened e-font-icon-svg e-fas-caret-up\" viewBox=\"0 0 320 512\" xmlns=\"http:\/\/www.w3.org\/2000\/svg\"><path d=\"M288.662 352H31.338c-17.818 0-26.741-21.543-14.142-34.142l128.662-128.662c7.81-7.81 20.474-7.81 28.284 0l128.662 128.662c12.6 12.599 3.676 34.142-14.142 34.142z\"><\/path><\/svg><\/span>\n\t\t\t\t\t\t\t\t\t\t\t\t\t<\/span>\n\t\t\t\t\t\t\t\t\t\t\t\t<a class=\"elementor-toggle-title\" tabindex=\"0\">Quels sont les services offerts \u00e0 l'h\u00f4tel ?<\/a>\n\t\t\t\t\t<\/div>\n\n\t\t\t\t\t<div id=\"elementor-tab-content-1521\" class=\"elementor-tab-content elementor-clearfix\" data-tab=\"1\" role=\"region\" aria-labelledby=\"elementor-tab-title-1521\"><p>Plus qu\u2019un s\u00e9jour, Ksar Massa vous invite \u00e0 vivre une exp\u00e9rience unique en pleine nature. Entre randonn\u00e9es, surf, balades en quad ou en 4&#215;4, observation d\u2019oiseaux rares, et instants de d\u00e9tente au spa, tout est pens\u00e9 pour vous faire d\u00e9couvrir la richesse du site et de son environnement exceptionnel.<\/p><\/div>\n\t\t\t\t<\/div>\n\t\t\t\t\t\t\t<div class=\"elementor-toggle-item\">\n\t\t\t\t\t<div id=\"elementor-tab-title-1522\" class=\"elementor-tab-title\" data-tab=\"2\" role=\"button\" aria-controls=\"elementor-tab-content-1522\" aria-expanded=\"false\">\n\t\t\t\t\t\t\t\t\t\t\t\t<span class=\"elementor-toggle-icon elementor-toggle-icon-right\" aria-hidden=\"true\">\n\t\t\t\t\t\t\t\t\t\t\t\t\t\t\t<span class=\"elementor-toggle-icon-closed\"><svg class=\"e-font-icon-svg e-fas-caret-right\" viewBox=\"0 0 192 512\" xmlns=\"http:\/\/www.w3.org\/2000\/svg\"><path d=\"M0 384.662V127.338c0-17.818 21.543-26.741 34.142-14.142l128.662 128.662c7.81 7.81 7.81 20.474 0 28.284L34.142 398.804C21.543 411.404 0 402.48 0 384.662z\"><\/path><\/svg><\/span>\n\t\t\t\t\t\t\t\t<span class=\"elementor-toggle-icon-opened\"><svg class=\"elementor-toggle-icon-opened e-font-icon-svg e-fas-caret-up\" viewBox=\"0 0 320 512\" xmlns=\"http:\/\/www.w3.org\/2000\/svg\"><path d=\"M288.662 352H31.338c-17.818 0-26.741-21.543-14.142-34.142l128.662-128.662c7.81-7.81 20.474-7.81 28.284 0l128.662 128.662c12.6 12.599 3.676 34.142-14.142 34.142z\"><\/path><\/svg><\/span>\n\t\t\t\t\t\t\t\t\t\t\t\t\t<\/span>\n\t\t\t\t\t\t\t\t\t\t\t\t<a class=\"elementor-toggle-title\" tabindex=\"0\">Y a-t-il des options de restauration sur place ?<\/a>\n\t\t\t\t\t<\/div>\n\n\t\t\t\t\t<div id=\"elementor-tab-content-1522\" class=\"elementor-tab-content elementor-clearfix\" data-tab=\"2\" role=\"region\" aria-labelledby=\"elementor-tab-title-1522\"><p>Oui, notre restaurant sur place sert une cuisine de saison, avec des ingr\u00e9dients locaux. Nous proposons des options v\u00e9g\u00e9tariennes, des plats traditionnels marocains et des boissons rafra\u00eechissantes dans un cadre relaxant.<\/p><\/div>\n\t\t\t\t<\/div>\n\t\t\t\t\t\t\t<div class=\"elementor-toggle-item\">\n\t\t\t\t\t<div id=\"elementor-tab-title-1523\" class=\"elementor-tab-title\" data-tab=\"3\" role=\"button\" aria-controls=\"elementor-tab-content-1523\" aria-expanded=\"false\">\n\t\t\t\t\t\t\t\t\t\t\t\t<span class=\"elementor-toggle-icon elementor-toggle-icon-right\" aria-hidden=\"true\">\n\t\t\t\t\t\t\t\t\t\t\t\t\t\t\t<span class=\"elementor-toggle-icon-closed\"><svg class=\"e-font-icon-svg e-fas-caret-right\" viewBox=\"0 0 192 512\" xmlns=\"http:\/\/www.w3.org\/2000\/svg\"><path d=\"M0 384.662V127.338c0-17.818 21.543-26.741 34.142-14.142l128.662 128.662c7.81 7.81 7.81 20.474 0 28.284L34.142 398.804C21.543 411.404 0 402.48 0 384.662z\"><\/path><\/svg><\/span>\n\t\t\t\t\t\t\t\t<span class=\"elementor-toggle-icon-opened\"><svg class=\"elementor-toggle-icon-opened e-font-icon-svg e-fas-caret-up\" viewBox=\"0 0 320 512\" xmlns=\"http:\/\/www.w3.org\/2000\/svg\"><path d=\"M288.662 352H31.338c-17.818 0-26.741-21.543-14.142-34.142l128.662-128.662c7.81-7.81 20.474-7.81 28.284 0l128.662 128.662c12.6 12.599 3.676 34.142-14.142 34.142z\"><\/path><\/svg><\/span>\n\t\t\t\t\t\t\t\t\t\t\t\t\t<\/span>\n\t\t\t\t\t\t\t\t\t\t\t\t<a class=\"elementor-toggle-title\" tabindex=\"0\">Puis-je r\u00e9server des activit\u00e9s \u00e0 l'avance ?<\/a>\n\t\t\t\t\t<\/div>\n\n\t\t\t\t\t<div id=\"elementor-tab-content-1523\" class=\"elementor-tab-content elementor-clearfix\" data-tab=\"3\" role=\"region\" aria-labelledby=\"elementor-tab-title-1523\"><p>Absolument, nous vous recommandons de r\u00e9server vos activit\u00e9s \u00e0 l&rsquo;avance pour garantir votre place, surtout en haute saison. Notre \u00e9quipe est disponible pour vous aider \u00e0 planifier votre s\u00e9jour.<\/p><\/div>\n\t\t\t\t<\/div>\n\t\t\t\t\t\t\t<div class=\"elementor-toggle-item\">\n\t\t\t\t\t<div id=\"elementor-tab-title-1524\" class=\"elementor-tab-title\" data-tab=\"4\" role=\"button\" aria-controls=\"elementor-tab-content-1524\" aria-expanded=\"false\">\n\t\t\t\t\t\t\t\t\t\t\t\t<span class=\"elementor-toggle-icon elementor-toggle-icon-right\" aria-hidden=\"true\">\n\t\t\t\t\t\t\t\t\t\t\t\t\t\t\t<span class=\"elementor-toggle-icon-closed\"><svg class=\"e-font-icon-svg e-fas-caret-right\" viewBox=\"0 0 192 512\" xmlns=\"http:\/\/www.w3.org\/2000\/svg\"><path d=\"M0 384.662V127.338c0-17.818 21.543-26.741 34.142-14.142l128.662 128.662c7.81 7.81 7.81 20.474 0 28.284L34.142 398.804C21.543 411.404 0 402.48 0 384.662z\"><\/path><\/svg><\/span>\n\t\t\t\t\t\t\t\t<span class=\"elementor-toggle-icon-opened\"><svg class=\"elementor-toggle-icon-opened e-font-icon-svg e-fas-caret-up\" viewBox=\"0 0 320 512\" xmlns=\"http:\/\/www.w3.org\/2000\/svg\"><path d=\"M288.662 352H31.338c-17.818 0-26.741-21.543-14.142-34.142l128.662-128.662c7.81-7.81 20.474-7.81 28.284 0l128.662 128.662c12.6 12.599 3.676 34.142-14.142 34.142z\"><\/path><\/svg><\/span>\n\t\t\t\t\t\t\t\t\t\t\t\t\t<\/span>\n\t\t\t\t\t\t\t\t\t\t\t\t<a class=\"elementor-toggle-title\" tabindex=\"0\">Proposez-vous des services de transport ?<\/a>\n\t\t\t\t\t<\/div>\n\n\t\t\t\t\t<div id=\"elementor-tab-content-1524\" class=\"elementor-tab-content elementor-clearfix\" data-tab=\"4\" role=\"region\" aria-labelledby=\"elementor-tab-title-1524\"><p>Oui, nous offrons un service de navette depuis et vers l&rsquo;a\u00e9roport. Un transfert peut \u00eatre organis\u00e9 lors de votre r\u00e9servation pour un acc\u00e8s simplifi\u00e9 \u00e0 l&rsquo;h\u00f4tel.<br \/>Nous pouvons \u00e9galement proposer un transport vers le centre-ville d&rsquo;Agadir.<\/p><\/div>\n\t\t\t\t<\/div>\n\t\t\t\t\t\t\t<div class=\"elementor-toggle-item\">\n\t\t\t\t\t<div id=\"elementor-tab-title-1525\" class=\"elementor-tab-title\" data-tab=\"5\" role=\"button\" aria-controls=\"elementor-tab-content-1525\" aria-expanded=\"false\">\n\t\t\t\t\t\t\t\t\t\t\t\t<span class=\"elementor-toggle-icon elementor-toggle-icon-right\" aria-hidden=\"true\">\n\t\t\t\t\t\t\t\t\t\t\t\t\t\t\t<span class=\"elementor-toggle-icon-closed\"><svg class=\"e-font-icon-svg e-fas-caret-right\" viewBox=\"0 0 192 512\" xmlns=\"http:\/\/www.w3.org\/2000\/svg\"><path d=\"M0 384.662V127.338c0-17.818 21.543-26.741 34.142-14.142l128.662 128.662c7.81 7.81 7.81 20.474 0 28.284L34.142 398.804C21.543 411.404 0 402.48 0 384.662z\"><\/path><\/svg><\/span>\n\t\t\t\t\t\t\t\t<span class=\"elementor-toggle-icon-opened\"><svg class=\"elementor-toggle-icon-opened e-font-icon-svg e-fas-caret-up\" viewBox=\"0 0 320 512\" xmlns=\"http:\/\/www.w3.org\/2000\/svg\"><path d=\"M288.662 352H31.338c-17.818 0-26.741-21.543-14.142-34.142l128.662-128.662c7.81-7.81 20.474-7.81 28.284 0l128.662 128.662c12.6 12.599 3.676 34.142-14.142 34.142z\"><\/path><\/svg><\/span>\n\t\t\t\t\t\t\t\t\t\t\t\t\t<\/span>\n\t\t\t\t\t\t\t\t\t\t\t\t<a class=\"elementor-toggle-title\" tabindex=\"0\">Quels sont les horaires d'enregistrement et de d\u00e9part ?<\/a>\n\t\t\t\t\t<\/div>\n\n\t\t\t\t\t<div id=\"elementor-tab-content-1525\" class=\"elementor-tab-content elementor-clearfix\" data-tab=\"5\" role=\"region\" aria-labelledby=\"elementor-tab-title-1525\"><p>L\u2019enregistrement est possible \u00e0 partir de 15h et le d\u00e9part se fait avant 12h. Si vous souhaitez des horaires plus flexibles, pr\u00e9venez-nous en amont : nous ferons notre maximum pour nous adapter selon nos disponibilit\u00e9s.<\/p><\/div>\n\t\t\t\t<\/div>\n\t\t\t\t\t\t\t\t<\/div>\n\t\t\t\t\t\t<\/div>\n\t\t\t\t<\/div>\n\t\t\t\t\t<\/div>\n\t\t\t\t<\/div>\n\t\t\t\t<\/div>\n\t\t","protected":false},"excerpt":{"rendered":"<p>Profitez de nombreuses activit\u00e9s \u00e0 votre porte Plongez dans des exp\u00e9rience uniques entre nature, sport, d\u00e9couverte et farniente Nos Activit\u00e9s Sportives Vivez l\u2019aventure au c\u0153ur d\u2019un d\u00e9cor naturel exceptionnel avec des activit\u00e9s sportives pour tous les go\u00fbts. Surfez sur les vagues de l\u2019Atlantique, vivez l\u2019adr\u00e9naline des dunes dor\u00e9es en quad ou buggy, explorez des paysages [&hellip;]<\/p>\n","protected":false},"author":1,"featured_media":0,"parent":0,"menu_order":0,"comment_status":"closed","ping_status":"closed","template":"","meta":{"footnotes":""},"class_list":["post-488","page","type-page","status-publish","hentry"],"_links":{"self":[{"href":"https:\/\/ksarmassa.com\/index.php\/wp-json\/wp\/v2\/pages\/488","targetHints":{"allow":["GET"]}}],"collection":[{"href":"https:\/\/ksarmassa.com\/index.php\/wp-json\/wp\/v2\/pages"}],"about":[{"href":"https:\/\/ksarmassa.com\/index.php\/wp-json\/wp\/v2\/types\/page"}],"author":[{"embeddable":true,"href":"https:\/\/ksarmassa.com\/index.php\/wp-json\/wp\/v2\/users\/1"}],"replies":[{"embeddable":true,"href":"https:\/\/ksarmassa.com\/index.php\/wp-json\/wp\/v2\/comments?post=488"}],"version-history":[{"count":77,"href":"https:\/\/ksarmassa.com\/index.php\/wp-json\/wp\/v2\/pages\/488\/revisions"}],"predecessor-version":[{"id":1220,"href":"https:\/\/ksarmassa.com\/index.php\/wp-json\/wp\/v2\/pages\/488\/revisions\/1220"}],"wp:attachment":[{"href":"https:\/\/ksarmassa.com\/index.php\/wp-json\/wp\/v2\/media?parent=488"}],"curies":[{"name":"wp","href":"https:\/\/api.w.org\/{rel}","templated":true}]}}